{"id":158,"date":"2025-07-10T09:04:57","date_gmt":"2025-07-10T12:04:57","guid":{"rendered":"https:\/\/areopagodeitambe.com.br\/?page_id=158"},"modified":"2025-07-10T09:32:08","modified_gmt":"2025-07-10T12:32:08","slug":"membros-correspondentes","status":"publish","type":"page","link":"https:\/\/areopagodeitambe.com.br\/?page_id=158","title":{"rendered":"Membros Correspondentes"},"content":{"rendered":"\t\t<div data-elementor-type=\"wp-page\" data-elementor-id=\"158\" class=\"elementor elementor-158\">\n\t\t\t\t<div class=\"elementor-element elementor-element-c5f23f9 e-flex e-con-boxed e-con e-parent\" data-id=\"c5f23f9\" data-element_type=\"container\" data-e-type=\"container\">\n\t\t\t\t\t<div class=\"e-con-inner\">\n\t\t\t\t<div class=\"elementor-element elementor-element-9fd52b2 elementor-widget elementor-widget-heading\" data-id=\"9fd52b2\" data-element_type=\"widget\" data-e-type=\"widget\" data-widget_type=\"heading.default\">\n\t\t\t\t<div class=\"elementor-widget-container\">\n\t\t\t\t\t<h2 class=\"elementor-heading-title elementor-size-default\">Membros Correspondentes<\/h2>\t\t\t\t<\/div>\n\t\t\t\t<\/div>\n\t\t\t\t\t<\/div>\n\t\t\t\t<\/div>\n\t\t<div class=\"elementor-element elementor-element-9e0fb34 e-flex e-con-boxed e-con e-parent\" data-id=\"9e0fb34\" data-element_type=\"container\" data-e-type=\"container\">\n\t\t\t\t\t<div class=\"e-con-inner\">\n\t\t<div class=\"elementor-element elementor-element-dbaedee e-con-full e-flex e-con e-child\" data-id=\"dbaedee\" data-element_type=\"container\" data-e-type=\"container\">\n\t\t\t\t<div class=\"elementor-element elementor-element-34c9270 elementor-widget elementor-widget-image\" data-id=\"34c9270\" data-element_type=\"widget\" data-e-type=\"widget\" data-widget_type=\"image.default\">\n\t\t\t\t<div class=\"elementor-widget-container\">\n\t\t\t\t\t\t\t\t\t\t\t\t\t\t\t<img fetchpriority=\"high\" decoding=\"async\" width=\"817\" height=\"1024\" src=\"https:\/\/areopagodeitambe.com.br\/wp-content\/uploads\/2025\/07\/registro1-817x1024.jpeg\" class=\"attachment-large size-large wp-image-161\" alt=\"\" srcset=\"https:\/\/areopagodeitambe.com.br\/wp-content\/uploads\/2025\/07\/registro1-817x1024.jpeg 817w, https:\/\/areopagodeitambe.com.br\/wp-content\/uploads\/2025\/07\/registro1-239x300.jpeg 239w, https:\/\/areopagodeitambe.com.br\/wp-content\/uploads\/2025\/07\/registro1-768x962.jpeg 768w, https:\/\/areopagodeitambe.com.br\/wp-content\/uploads\/2025\/07\/registro1.jpeg 1175w\" sizes=\"(max-width: 817px) 100vw, 817px\" \/>\t\t\t\t\t\t\t\t\t\t\t\t\t\t\t<\/div>\n\t\t\t\t<\/div>\n\t\t\t\t<\/div>\n\t\t<div class=\"elementor-element elementor-element-a5df93c e-con-full e-flex e-con e-child\" data-id=\"a5df93c\" data-element_type=\"container\" data-e-type=\"container\">\n\t\t\t\t<div class=\"elementor-element elementor-element-6c514a0 elementor-widget elementor-widget-image\" data-id=\"6c514a0\" data-element_type=\"widget\" data-e-type=\"widget\" data-widget_type=\"image.default\">\n\t\t\t\t<div class=\"elementor-widget-container\">\n\t\t\t\t\t\t\t\t\t\t\t\t\t\t\t<img decoding=\"async\" width=\"817\" height=\"1024\" src=\"https:\/\/areopagodeitambe.com.br\/wp-content\/uploads\/2025\/07\/registro2-817x1024.jpeg\" class=\"attachment-large size-large wp-image-162\" alt=\"\" srcset=\"https:\/\/areopagodeitambe.com.br\/wp-content\/uploads\/2025\/07\/registro2-817x1024.jpeg 817w, https:\/\/areopagodeitambe.com.br\/wp-content\/uploads\/2025\/07\/registro2-239x300.jpeg 239w, https:\/\/areopagodeitambe.com.br\/wp-content\/uploads\/2025\/07\/registro2-768x962.jpeg 768w, https:\/\/areopagodeitambe.com.br\/wp-content\/uploads\/2025\/07\/registro2.jpeg 1175w\" sizes=\"(max-width: 817px) 100vw, 817px\" \/>\t\t\t\t\t\t\t\t\t\t\t\t\t\t\t<\/div>\n\t\t\t\t<\/div>\n\t\t\t\t<\/div>\n\t\t<div class=\"elementor-element elementor-element-b4dc959 e-con-full e-flex e-con e-child\" data-id=\"b4dc959\" data-element_type=\"container\" data-e-type=\"container\">\n\t\t\t\t<\/div>\n\t\t<div class=\"elementor-element elementor-element-83f9192 e-con-full e-flex e-con e-child\" data-id=\"83f9192\" data-element_type=\"container\" data-e-type=\"container\">\n\t\t\t\t<\/div>\n\t\t\t\t\t<\/div>\n\t\t\t\t<\/div>\n\t\t<div class=\"elementor-element elementor-element-91f3f0a e-flex e-con-boxed e-con e-parent\" data-id=\"91f3f0a\" data-element_type=\"container\" data-e-type=\"container\">\n\t\t\t\t\t<div class=\"e-con-inner\">\n\t\t\t\t<div class=\"elementor-element elementor-element-5a3a3e1 elementor-widget elementor-widget-text-editor\" data-id=\"5a3a3e1\" data-element_type=\"widget\" data-e-type=\"widget\" data-widget_type=\"text-editor.default\">\n\t\t\t\t<div class=\"elementor-widget-container\">\n\t\t\t\t\t\t\t\t\t<p><strong>SEJA UM MEMBRO CORRESPONDENTE<\/strong><\/p><p>Filie-se a Augusta e Respeit\u00e1vel Loja Ma\u00e7\u00f4nica Simb\u00f3lica Are\u00f3pago de Itamb\u00e9 n\u00ba 17, jurisdicionada ao Grande Oriente Independente de Pernambuco \u2013 GOIPE\/COMAB. Primeira Loja Ma\u00e7\u00f4nica instalada em solo Brasileiro, fundada pelo m\u00e9dico e Irm\u00e3o Ma\u00e7om Dr. Arruda da C\u00e2mara, no inverno de 1796, na cidade de Itamb\u00e9 \u2013 PE, que faz divisa com o Estado da Para\u00edba atrav\u00e9s da cidade de Pedras de Fogo \u2013 PB.<\/p><p>Todo ma\u00e7om regular do GOB, das Grandes Lojas da CMSB, dos Grandes Orientes da COMAB e de obedi\u00eancias ma\u00e7\u00f4nicas de outros pa\u00edses em amizade com o GOIPE \u2013 Grande Oriente Independente de Pernambuco que tiverem real interesse em estudar e divulgar a hist\u00f3ria do Are\u00f3pago de Itamb\u00e9, s\u00e3o bem vindos para se filiarem.<\/p><p>Solicite sua filia\u00e7\u00e3o, preenchendo o formul\u00e1rio abaixo, caso esteja em conformidade com o nosso regulamento, e ciente sobre os objetivos, direitos e deveres envolvidos, voc\u00ea receber\u00e1 e-mail confirmando-a, contendo seu certificado de Membro Correspondente e informando seu n\u00famero de cadastro.<\/p><p><a href=\"https:\/\/docs.google.com\/forms\/d\/e\/1FAIpQLScJaeMc5vkVeS9sxXikCw4tUOW2jJiz84cWfOF9GznCCWsriA\/viewform\" target=\"_blank\" rel=\"noopener\"><strong>FORMUL\u00c1RIO<\/strong><\/a><\/p>\t\t\t\t\t\t\t\t<\/div>\n\t\t\t\t<\/div>\n\t\t\t\t\t<\/div>\n\t\t\t\t<\/div>\n\t\t<div class=\"elementor-element elementor-element-99457e8 e-flex e-con-boxed e-con e-parent\" data-id=\"99457e8\" data-element_type=\"container\" data-e-type=\"container\">\n\t\t\t\t\t<div class=\"e-con-inner\">\n\t\t\t\t\t<\/div>\n\t\t\t\t<\/div>\n\t\t\t\t<\/div>\n\t\t","protected":false},"excerpt":{"rendered":"<p>Membros Correspondentes SEJA UM MEMBRO CORRESPONDENTE Filie-se a Augusta e Respeit\u00e1vel Loja Ma\u00e7\u00f4nica Simb\u00f3lica Are\u00f3pago de Itamb\u00e9 n\u00ba 17, jurisdicionada ao Grande Oriente Independente de Pernambuco \u2013 GOIPE\/COMAB. Primeira Loja Ma\u00e7\u00f4nica instalada em solo Brasileiro, fundada pelo m\u00e9dico e Irm\u00e3o Ma\u00e7om Dr. Arruda da C\u00e2mara, no inverno de 1796, na cidade de Itamb\u00e9 \u2013 PE,&#8230;<\/p>\n","protected":false},"author":1,"featured_media":0,"parent":0,"menu_order":0,"comment_status":"closed","ping_status":"closed","template":"","meta":{"om_disable_all_campaigns":false,"_kadence_starter_templates_imported_post":false,"_kad_post_transparent":"","_kad_post_title":"hide","_kad_post_layout":"fullwidth","_kad_post_sidebar_id":"","_kad_post_content_style":"unboxed","_kad_post_vertical_padding":"hide","_kad_post_feature":"hide","_kad_post_feature_position":"","_kad_post_header":false,"_kad_post_footer":false,"footnotes":""},"class_list":["post-158","page","type-page","status-publish","hentry"],"aioseo_notices":[],"_links":{"self":[{"href":"https:\/\/areopagodeitambe.com.br\/index.php?rest_route=\/wp\/v2\/pages\/158","targetHints":{"allow":["GET"]}}],"collection":[{"href":"https:\/\/areopagodeitambe.com.br\/index.php?rest_route=\/wp\/v2\/pages"}],"about":[{"href":"https:\/\/areopagodeitambe.com.br\/index.php?rest_route=\/wp\/v2\/types\/page"}],"author":[{"embeddable":true,"href":"https:\/\/areopagodeitambe.com.br\/index.php?rest_route=\/wp\/v2\/users\/1"}],"replies":[{"embeddable":true,"href":"https:\/\/areopagodeitambe.com.br\/index.php?rest_route=%2Fwp%2Fv2%2Fcomments&post=158"}],"version-history":[{"count":8,"href":"https:\/\/areopagodeitambe.com.br\/index.php?rest_route=\/wp\/v2\/pages\/158\/revisions"}],"predecessor-version":[{"id":169,"href":"https:\/\/areopagodeitambe.com.br\/index.php?rest_route=\/wp\/v2\/pages\/158\/revisions\/169"}],"wp:attachment":[{"href":"https:\/\/areopagodeitambe.com.br\/index.php?rest_route=%2Fwp%2Fv2%2Fmedia&parent=158"}],"curies":[{"name":"wp","href":"https:\/\/api.w.org\/{rel}","templated":true}]}}