{"id":276,"date":"2025-11-11T12:50:10","date_gmt":"2025-11-11T15:50:10","guid":{"rendered":"https:\/\/areopagodeitambe.com.br\/?page_id=276"},"modified":"2026-03-12T13:01:53","modified_gmt":"2026-03-12T16:01:53","slug":"informabim","status":"publish","type":"page","link":"https:\/\/areopagodeitambe.com.br\/?page_id=276","title":{"rendered":"INFORMABIM"},"content":{"rendered":"\t\t<div data-elementor-type=\"wp-page\" data-elementor-id=\"276\" class=\"elementor elementor-276\">\n\t\t\t\t<div class=\"elementor-element elementor-element-0d71c85 e-flex e-con-boxed e-con e-parent\" data-id=\"0d71c85\" data-element_type=\"container\" data-e-type=\"container\">\n\t\t\t\t\t<div class=\"e-con-inner\">\n\t\t\t\t<div class=\"elementor-element elementor-element-e995df3 elementor-widget elementor-widget-heading\" data-id=\"e995df3\" data-element_type=\"widget\" data-e-type=\"widget\" data-widget_type=\"heading.default\">\n\t\t\t\t<div class=\"elementor-widget-container\">\n\t\t\t\t\t<h2 class=\"elementor-heading-title elementor-size-default\">ASSOCIA\u00c7\u00c3O BRASILEIRA DA IMPRENSA MA\u00c7\u00d4NICA<\/h2>\t\t\t\t<\/div>\n\t\t\t\t<\/div>\n\t\t\t\t\t<\/div>\n\t\t\t\t<\/div>\n\t\t<div class=\"elementor-element elementor-element-06345e1 e-flex e-con-boxed e-con e-parent\" data-id=\"06345e1\" data-element_type=\"container\" data-e-type=\"container\">\n\t\t\t\t\t<div class=\"e-con-inner\">\n\t\t\t\t<div class=\"elementor-element elementor-element-17c5291 elementor-widget elementor-widget-text-editor\" data-id=\"17c5291\" data-element_type=\"widget\" data-e-type=\"widget\" data-widget_type=\"text-editor.default\">\n\t\t\t\t<div class=\"elementor-widget-container\">\n\t\t\t\t\t\t\t\t\t<p><strong>Baixe nossas edi\u00e7\u00f5es dispon\u00edveis:<\/strong><\/p>\n<p><a href=\"http:\/\/areopagodeitambe.com.br\/wp-content\/uploads\/2026\/03\/INFORMABIM-642.pdf\">INFORMABIM-642<\/a><\/p>\n<p><a href=\"http:\/\/areopagodeitambe.com.br\/wp-content\/uploads\/2026\/03\/INFORMABIM-633.pdf\">INFORMABIM-633<\/a><\/p>\t\t\t\t\t\t\t\t<\/div>\n\t\t\t\t<\/div>\n\t\t\t\t\t<\/div>\n\t\t\t\t<\/div>\n\t\t\t\t<\/div>\n\t\t","protected":false},"excerpt":{"rendered":"<p>ASSOCIA\u00c7\u00c3O BRASILEIRA DA IMPRENSA MA\u00c7\u00d4NICA Baixe nossas edi\u00e7\u00f5es dispon\u00edveis: INFORMABIM-642 INFORMABIM-633<\/p>\n","protected":false},"author":1,"featured_media":0,"parent":0,"menu_order":0,"comment_status":"closed","ping_status":"closed","template":"","meta":{"om_disable_all_campaigns":false,"_kadence_starter_templates_imported_post":false,"_kad_post_transparent":"","_kad_post_title":"","_kad_post_layout":"","_kad_post_sidebar_id":"","_kad_post_content_style":"","_kad_post_vertical_padding":"","_kad_post_feature":"","_kad_post_feature_position":"","_kad_post_header":false,"_kad_post_footer":false,"footnotes":""},"class_list":["post-276","page","type-page","status-publish","hentry"],"aioseo_notices":[],"_links":{"self":[{"href":"https:\/\/areopagodeitambe.com.br\/index.php?rest_route=\/wp\/v2\/pages\/276","targetHints":{"allow":["GET"]}}],"collection":[{"href":"https:\/\/areopagodeitambe.com.br\/index.php?rest_route=\/wp\/v2\/pages"}],"about":[{"href":"https:\/\/areopagodeitambe.com.br\/index.php?rest_route=\/wp\/v2\/types\/page"}],"author":[{"embeddable":true,"href":"https:\/\/areopagodeitambe.com.br\/index.php?rest_route=\/wp\/v2\/users\/1"}],"replies":[{"embeddable":true,"href":"https:\/\/areopagodeitambe.com.br\/index.php?rest_route=%2Fwp%2Fv2%2Fcomments&post=276"}],"version-history":[{"count":10,"href":"https:\/\/areopagodeitambe.com.br\/index.php?rest_route=\/wp\/v2\/pages\/276\/revisions"}],"predecessor-version":[{"id":341,"href":"https:\/\/areopagodeitambe.com.br\/index.php?rest_route=\/wp\/v2\/pages\/276\/revisions\/341"}],"wp:attachment":[{"href":"https:\/\/areopagodeitambe.com.br\/index.php?rest_route=%2Fwp%2Fv2%2Fmedia&parent=276"}],"curies":[{"name":"wp","href":"https:\/\/api.w.org\/{rel}","templated":true}]}}